{"id":488,"date":"2021-05-18T04:04:54","date_gmt":"2021-05-18T02:04:54","guid":{"rendered":"https:\/\/www.muldervertalingen.nl\/kontakt\/"},"modified":"2024-02-23T05:09:14","modified_gmt":"2024-02-23T04:09:14","slug":"kontakt","status":"publish","type":"page","link":"https:\/\/www.muldervertalingen.nl\/de\/kontakt\/","title":{"rendered":"Kontakt"},"content":{"rendered":"<section class=\"l-section wpb_row height_medium\"><div class=\"l-section-h i-cf\"><div class=\"g-cols vc_row via_flex valign_top type_default stacking_default\" style=\"--additional-gap:20px;\"><div class=\"vc_col-sm-6 wpb_column vc_column_container\"><div class=\"vc_column-inner\"><div class=\"wpb_wrapper\"><div class=\"w-image style_shadow-1 align_center\"><div class=\"w-image-h\"><img decoding=\"async\" width=\"500\" height=\"331\" src=\"https:\/\/www.muldervertalingen.nl\/wp-content\/uploads\/2024\/02\/mulder-vertalingen-illustratie-contact-opnemen.jpg\" class=\"attachment-full size-full\" alt=\"\" loading=\"lazy\" srcset=\"https:\/\/www.muldervertalingen.nl\/wp-content\/uploads\/2024\/02\/mulder-vertalingen-illustratie-contact-opnemen.jpg 500w, https:\/\/www.muldervertalingen.nl\/wp-content\/uploads\/2024\/02\/mulder-vertalingen-illustratie-contact-opnemen-300x199.jpg 300w\" sizes=\"auto, (max-width: 500px) 100vw, 500px\" \/><\/div><\/div><\/div><\/div><\/div><div class=\"vc_col-sm-6 wpb_column vc_column_container\"><div class=\"vc_column-inner\"><div class=\"wpb_wrapper\"><h1 class=\"w-text\"><span class=\"w-text-h\"><span class=\"w-text-value\">Kontakt<\/span><\/span><\/h1><div class=\"wpb_text_column\"><div class=\"wpb_wrapper\"><p>Ich helfe sowohl Gesch\u00e4fts- als auch Privatkunden gerne mit Fach\u00fcbersetzungen aus dem Englischen, Deutschen oder Franz\u00f6sischen ins Niederl\u00e4ndische. Wenn Sie wissen m\u00f6chten, wie ich Ihnen helfen kann, dann nehmen Sie heute noch Kontakt mit mir auf!<\/p>\n<p>Mulder Vertalingen<br \/>\nJessica Mulder<br \/>\nHaakmos 55<br \/>\n8043 MJ Zwolle<br \/>\nNiederlande<br \/>\nT: <a href=\"tel:+31621541991\">+31-6-21541991<\/a><br \/>\nE: <a href=\"mailto:jessica@muldervertalingen.nl?subject=Contact%20via%20de%20website\">jessica@muldervertalingen.nl<\/a><\/p>\n<\/div><\/div><div class=\"w-separator size_medium\"><\/div>\n<div class=\"wpcf7 no-js\" id=\"wpcf7-f761-o1\" lang=\"de-DE\" dir=\"ltr\" data-wpcf7-id=\"761\">\n<div class=\"screen-reader-response\"><p role=\"status\" aria-live=\"polite\" aria-atomic=\"true\"><\/p> <ul><\/ul><\/div>\n<form action=\"\/de\/wp-json\/wp\/v2\/pages\/488#wpcf7-f761-o1\" method=\"post\" class=\"wpcf7-form init\" aria-label=\"Kontaktformular\" novalidate=\"novalidate\" data-status=\"init\">\n<fieldset class=\"hidden-fields-container\"><input type=\"hidden\" name=\"_wpcf7\" value=\"761\" \/><input type=\"hidden\" name=\"_wpcf7_version\" value=\"6.1.3\" \/><input type=\"hidden\" name=\"_wpcf7_locale\" value=\"de_DE\" \/><input type=\"hidden\" name=\"_wpcf7_unit_tag\" value=\"wpcf7-f761-o1\" \/><input type=\"hidden\" name=\"_wpcf7_container_post\" value=\"0\" \/><input type=\"hidden\" name=\"_wpcf7_posted_data_hash\" value=\"\" \/><input type=\"hidden\" name=\"_wpcf7_recaptcha_response\" value=\"\" \/>\n<\/fieldset>\n<p><label> Ihr Name*<br \/>\n<span class=\"wpcf7-form-control-wrap\" data-name=\"your-name\"><input size=\"40\" maxlength=\"400\" class=\"wpcf7-form-control wpcf7-text wpcf7-validates-as-required\" aria-required=\"true\" aria-invalid=\"false\" value=\"\" type=\"text\" name=\"your-name\" \/><\/span> <\/label>\n<\/p>\n<p><label> Ihre Email-Adresse*<br \/>\n<span class=\"wpcf7-form-control-wrap\" data-name=\"your-email\"><input size=\"40\" maxlength=\"400\" class=\"wpcf7-form-control wpcf7-email wpcf7-validates-as-required wpcf7-text wpcf7-validates-as-email\" aria-required=\"true\" aria-invalid=\"false\" value=\"\" type=\"email\" name=\"your-email\" \/><\/span> <\/label>\n<\/p>\n<p><label> Betreff<br \/>\n<span class=\"wpcf7-form-control-wrap\" data-name=\"your-subject\"><input size=\"40\" maxlength=\"400\" class=\"wpcf7-form-control wpcf7-text\" aria-invalid=\"false\" value=\"\" type=\"text\" name=\"your-subject\" \/><\/span> <\/label>\n<\/p>\n<p><label> Ihre Nachricht<br \/>\n<span class=\"wpcf7-form-control-wrap\" data-name=\"your-message\"><textarea cols=\"40\" rows=\"10\" maxlength=\"2000\" class=\"wpcf7-form-control wpcf7-textarea\" aria-invalid=\"false\" name=\"your-message\"><\/textarea><\/span> <\/label>\n<\/p>\n\n<p><input class=\"wpcf7-form-control wpcf7-submit has-spinner\" type=\"submit\" value=\"Versenden\" \/>\n<\/p><div class=\"wpcf7-response-output\" aria-hidden=\"true\"><\/div>\n<\/form>\n<\/div>\n<\/div><\/div><\/div><\/div><\/div><\/section>\n","protected":false},"excerpt":{"rendered":"KontaktIch helfe sowohl Gesch\u00e4fts- als auch Privatkunden gerne mit Fach\u00fcbersetzungen aus dem Englischen, Deutschen oder Franz\u00f6sischen ins Niederl\u00e4ndische. Wenn Sie wissen m\u00f6chten, wie ich Ihnen helfen kann, dann nehmen Sie heute noch Kontakt mit mir auf! Mulder Vertalingen Jessica Mulder Haakmos 55 8043 MJ Zwolle Niederlande T: +31-6-21541991 E: jessica@muldervertalingen.nl Ihr Name* Ihre Email-Adresse* Betreff...","protected":false},"author":1,"featured_media":339,"parent":0,"menu_order":0,"comment_status":"closed","ping_status":"closed","template":"","meta":{"footnotes":""},"class_list":["post-488","page","type-page","status-publish","has-post-thumbnail","hentry"],"yoast_head":"<!-- This site is optimized with the Yoast SEO plugin v26.3 - https:\/\/yoast.com\/wordpress\/plugins\/seo\/ -->\n<title>Kontakt - Mulder Vertalingen - Jessica Mulder<\/title>\n<meta name=\"description\" content=\"Sowohl Gesch\u00e4fts- als auch Privatkunden k\u00f6nnen sich f\u00fcr Fach\u00fcbersetzungen aus dem Englischen, Deutschen oder Franz\u00f6sischen ins Niederl\u00e4ndische gerne an mich wenden.\" \/>\n<meta name=\"robots\" content=\"index, follow, max-snippet:-1, max-image-preview:large, max-video-preview:-1\" \/>\n<link rel=\"canonical\" href=\"https:\/\/www.muldervertalingen.nl\/de\/kontakt\/\" \/>\n<meta property=\"og:locale\" content=\"de_DE\" \/>\n<meta property=\"og:type\" content=\"article\" \/>\n<meta property=\"og:title\" content=\"Kontakt - Mulder Vertalingen - Jessica Mulder\" \/>\n<meta property=\"og:description\" content=\"Ich helfe sowohl Gesch\u00e4fts- als auch Privatkunden gerne mit Fach\u00fcbersetzungen aus dem Englischen, Deutschen oder Franz\u00f6sischen ins Niederl\u00e4ndische.\" \/>\n<meta property=\"og:url\" content=\"https:\/\/www.muldervertalingen.nl\/de\/kontakt\/\" \/>\n<meta property=\"og:site_name\" content=\"Mulder Vertalingen - Jessica Mulder\" \/>\n<meta property=\"article:modified_time\" content=\"2024-02-23T04:09:14+00:00\" \/>\n<meta property=\"og:image\" content=\"https:\/\/www.muldervertalingen.nl\/wp-content\/uploads\/2024\/02\/mulder-vertalingen-illustratie-contact-opnemen.jpg\" \/>\n<meta name=\"twitter:card\" content=\"summary_large_image\" \/>\n<meta name=\"twitter:title\" content=\"Kontakt - Mulder Vertalingen - Jessica Mulder\" \/>\n<meta name=\"twitter:description\" content=\"Ich helfe sowohl Gesch\u00e4fts- als auch Privatkunden gerne mit Fach\u00fcbersetzungen aus dem Englischen, Deutschen oder Franz\u00f6sischen ins Niederl\u00e4ndische.\" \/>\n<meta name=\"twitter:image\" content=\"https:\/\/www.muldervertalingen.nl\/wp-content\/uploads\/2024\/02\/mulder-vertalingen-illustratie-contact-opnemen.jpg\" \/>\n<meta name=\"twitter:label1\" content=\"Gesch\u00e4tzte Lesezeit\" \/>\n\t<meta name=\"twitter:data1\" content=\"1\u00a0Minute\" \/>\n<script type=\"application\/ld+json\" class=\"yoast-schema-graph\">{\"@context\":\"https:\/\/schema.org\",\"@graph\":[{\"@type\":\"WebPage\",\"@id\":\"https:\/\/www.muldervertalingen.nl\/de\/kontakt\/\",\"url\":\"https:\/\/www.muldervertalingen.nl\/de\/kontakt\/\",\"name\":\"Kontakt - Mulder Vertalingen - Jessica Mulder\",\"isPartOf\":{\"@id\":\"https:\/\/www.muldervertalingen.nl\/de\/#website\"},\"primaryImageOfPage\":{\"@id\":\"https:\/\/www.muldervertalingen.nl\/de\/kontakt\/#primaryimage\"},\"image\":{\"@id\":\"https:\/\/www.muldervertalingen.nl\/de\/kontakt\/#primaryimage\"},\"thumbnailUrl\":\"https:\/\/www.muldervertalingen.nl\/wp-content\/uploads\/2024\/02\/mulder-vertalingen-illustratie-contact-opnemen.jpg\",\"datePublished\":\"2021-05-18T02:04:54+00:00\",\"dateModified\":\"2024-02-23T04:09:14+00:00\",\"description\":\"Sowohl Gesch\u00e4fts- als auch Privatkunden k\u00f6nnen sich f\u00fcr Fach\u00fcbersetzungen aus dem Englischen, Deutschen oder Franz\u00f6sischen ins Niederl\u00e4ndische gerne an mich wenden.\",\"breadcrumb\":{\"@id\":\"https:\/\/www.muldervertalingen.nl\/de\/kontakt\/#breadcrumb\"},\"inLanguage\":\"de\",\"potentialAction\":[{\"@type\":\"ReadAction\",\"target\":[\"https:\/\/www.muldervertalingen.nl\/de\/kontakt\/\"]}]},{\"@type\":\"ImageObject\",\"inLanguage\":\"de\",\"@id\":\"https:\/\/www.muldervertalingen.nl\/de\/kontakt\/#primaryimage\",\"url\":\"https:\/\/www.muldervertalingen.nl\/wp-content\/uploads\/2024\/02\/mulder-vertalingen-illustratie-contact-opnemen.jpg\",\"contentUrl\":\"https:\/\/www.muldervertalingen.nl\/wp-content\/uploads\/2024\/02\/mulder-vertalingen-illustratie-contact-opnemen.jpg\",\"width\":500,\"height\":331},{\"@type\":\"BreadcrumbList\",\"@id\":\"https:\/\/www.muldervertalingen.nl\/de\/kontakt\/#breadcrumb\",\"itemListElement\":[{\"@type\":\"ListItem\",\"position\":1,\"name\":\"Home\",\"item\":\"https:\/\/www.muldervertalingen.nl\/de\/\"},{\"@type\":\"ListItem\",\"position\":2,\"name\":\"Kontakt\"}]},{\"@type\":\"WebSite\",\"@id\":\"https:\/\/www.muldervertalingen.nl\/de\/#website\",\"url\":\"https:\/\/www.muldervertalingen.nl\/de\/\",\"name\":\"Professionele vertalingen van het Engels, Duits en Frans naar het Nederlands - Jessica Mulder\",\"description\":\"\",\"publisher\":{\"@id\":\"https:\/\/www.muldervertalingen.nl\/de\/#organization\"},\"potentialAction\":[{\"@type\":\"SearchAction\",\"target\":{\"@type\":\"EntryPoint\",\"urlTemplate\":\"https:\/\/www.muldervertalingen.nl\/de\/?s={search_term_string}\"},\"query-input\":{\"@type\":\"PropertyValueSpecification\",\"valueRequired\":true,\"valueName\":\"search_term_string\"}}],\"inLanguage\":\"de\"},{\"@type\":\"Organization\",\"@id\":\"https:\/\/www.muldervertalingen.nl\/de\/#organization\",\"name\":\"Professionele vertalingen van het Engels, Duits en Frans naar het Nederlands - Jessica Mulder\",\"url\":\"https:\/\/www.muldervertalingen.nl\/de\/\",\"logo\":{\"@type\":\"ImageObject\",\"inLanguage\":\"de\",\"@id\":\"https:\/\/www.muldervertalingen.nl\/de\/#\/schema\/logo\/image\/\",\"url\":\"https:\/\/www.muldervertalingen.nl\/wp-content\/uploads\/2021\/05\/logo-mulder-vertalingen.jpg\",\"contentUrl\":\"https:\/\/www.muldervertalingen.nl\/wp-content\/uploads\/2021\/05\/logo-mulder-vertalingen.jpg\",\"width\":320,\"height\":217,\"caption\":\"Professionele vertalingen van het Engels, Duits en Frans naar het Nederlands - Jessica Mulder\"},\"image\":{\"@id\":\"https:\/\/www.muldervertalingen.nl\/de\/#\/schema\/logo\/image\/\"}}]}<\/script>\n<!-- \/ Yoast SEO plugin. -->","yoast_head_json":{"title":"Kontakt - Mulder Vertalingen - Jessica Mulder","description":"Sowohl Gesch\u00e4fts- als auch Privatkunden k\u00f6nnen sich f\u00fcr Fach\u00fcbersetzungen aus dem Englischen, Deutschen oder Franz\u00f6sischen ins Niederl\u00e4ndische gerne an mich wenden.","robots":{"index":"index","follow":"follow","max-snippet":"max-snippet:-1","max-image-preview":"max-image-preview:large","max-video-preview":"max-video-preview:-1"},"canonical":"https:\/\/www.muldervertalingen.nl\/de\/kontakt\/","og_locale":"de_DE","og_type":"article","og_title":"Kontakt - Mulder Vertalingen - Jessica Mulder","og_description":"Ich helfe sowohl Gesch\u00e4fts- als auch Privatkunden gerne mit Fach\u00fcbersetzungen aus dem Englischen, Deutschen oder Franz\u00f6sischen ins Niederl\u00e4ndische.","og_url":"https:\/\/www.muldervertalingen.nl\/de\/kontakt\/","og_site_name":"Mulder Vertalingen - Jessica Mulder","article_modified_time":"2024-02-23T04:09:14+00:00","og_image":[{"url":"https:\/\/www.muldervertalingen.nl\/wp-content\/uploads\/2024\/02\/mulder-vertalingen-illustratie-contact-opnemen.jpg","type":"","width":"","height":""}],"twitter_card":"summary_large_image","twitter_title":"Kontakt - Mulder Vertalingen - Jessica Mulder","twitter_description":"Ich helfe sowohl Gesch\u00e4fts- als auch Privatkunden gerne mit Fach\u00fcbersetzungen aus dem Englischen, Deutschen oder Franz\u00f6sischen ins Niederl\u00e4ndische.","twitter_image":"https:\/\/www.muldervertalingen.nl\/wp-content\/uploads\/2024\/02\/mulder-vertalingen-illustratie-contact-opnemen.jpg","twitter_misc":{"Gesch\u00e4tzte Lesezeit":"1\u00a0Minute"},"schema":{"@context":"https:\/\/schema.org","@graph":[{"@type":"WebPage","@id":"https:\/\/www.muldervertalingen.nl\/de\/kontakt\/","url":"https:\/\/www.muldervertalingen.nl\/de\/kontakt\/","name":"Kontakt - Mulder Vertalingen - Jessica Mulder","isPartOf":{"@id":"https:\/\/www.muldervertalingen.nl\/de\/#website"},"primaryImageOfPage":{"@id":"https:\/\/www.muldervertalingen.nl\/de\/kontakt\/#primaryimage"},"image":{"@id":"https:\/\/www.muldervertalingen.nl\/de\/kontakt\/#primaryimage"},"thumbnailUrl":"https:\/\/www.muldervertalingen.nl\/wp-content\/uploads\/2024\/02\/mulder-vertalingen-illustratie-contact-opnemen.jpg","datePublished":"2021-05-18T02:04:54+00:00","dateModified":"2024-02-23T04:09:14+00:00","description":"Sowohl Gesch\u00e4fts- als auch Privatkunden k\u00f6nnen sich f\u00fcr Fach\u00fcbersetzungen aus dem Englischen, Deutschen oder Franz\u00f6sischen ins Niederl\u00e4ndische gerne an mich wenden.","breadcrumb":{"@id":"https:\/\/www.muldervertalingen.nl\/de\/kontakt\/#breadcrumb"},"inLanguage":"de","potentialAction":[{"@type":"ReadAction","target":["https:\/\/www.muldervertalingen.nl\/de\/kontakt\/"]}]},{"@type":"ImageObject","inLanguage":"de","@id":"https:\/\/www.muldervertalingen.nl\/de\/kontakt\/#primaryimage","url":"https:\/\/www.muldervertalingen.nl\/wp-content\/uploads\/2024\/02\/mulder-vertalingen-illustratie-contact-opnemen.jpg","contentUrl":"https:\/\/www.muldervertalingen.nl\/wp-content\/uploads\/2024\/02\/mulder-vertalingen-illustratie-contact-opnemen.jpg","width":500,"height":331},{"@type":"BreadcrumbList","@id":"https:\/\/www.muldervertalingen.nl\/de\/kontakt\/#breadcrumb","itemListElement":[{"@type":"ListItem","position":1,"name":"Home","item":"https:\/\/www.muldervertalingen.nl\/de\/"},{"@type":"ListItem","position":2,"name":"Kontakt"}]},{"@type":"WebSite","@id":"https:\/\/www.muldervertalingen.nl\/de\/#website","url":"https:\/\/www.muldervertalingen.nl\/de\/","name":"Professionele vertalingen van het Engels, Duits en Frans naar het Nederlands - Jessica Mulder","description":"","publisher":{"@id":"https:\/\/www.muldervertalingen.nl\/de\/#organization"},"potentialAction":[{"@type":"SearchAction","target":{"@type":"EntryPoint","urlTemplate":"https:\/\/www.muldervertalingen.nl\/de\/?s={search_term_string}"},"query-input":{"@type":"PropertyValueSpecification","valueRequired":true,"valueName":"search_term_string"}}],"inLanguage":"de"},{"@type":"Organization","@id":"https:\/\/www.muldervertalingen.nl\/de\/#organization","name":"Professionele vertalingen van het Engels, Duits en Frans naar het Nederlands - Jessica Mulder","url":"https:\/\/www.muldervertalingen.nl\/de\/","logo":{"@type":"ImageObject","inLanguage":"de","@id":"https:\/\/www.muldervertalingen.nl\/de\/#\/schema\/logo\/image\/","url":"https:\/\/www.muldervertalingen.nl\/wp-content\/uploads\/2021\/05\/logo-mulder-vertalingen.jpg","contentUrl":"https:\/\/www.muldervertalingen.nl\/wp-content\/uploads\/2021\/05\/logo-mulder-vertalingen.jpg","width":320,"height":217,"caption":"Professionele vertalingen van het Engels, Duits en Frans naar het Nederlands - Jessica Mulder"},"image":{"@id":"https:\/\/www.muldervertalingen.nl\/de\/#\/schema\/logo\/image\/"}}]}},"_links":{"self":[{"href":"https:\/\/www.muldervertalingen.nl\/de\/wp-json\/wp\/v2\/pages\/488","targetHints":{"allow":["GET"]}}],"collection":[{"href":"https:\/\/www.muldervertalingen.nl\/de\/wp-json\/wp\/v2\/pages"}],"about":[{"href":"https:\/\/www.muldervertalingen.nl\/de\/wp-json\/wp\/v2\/types\/page"}],"author":[{"embeddable":true,"href":"https:\/\/www.muldervertalingen.nl\/de\/wp-json\/wp\/v2\/users\/1"}],"replies":[{"embeddable":true,"href":"https:\/\/www.muldervertalingen.nl\/de\/wp-json\/wp\/v2\/comments?post=488"}],"version-history":[{"count":21,"href":"https:\/\/www.muldervertalingen.nl\/de\/wp-json\/wp\/v2\/pages\/488\/revisions"}],"predecessor-version":[{"id":722,"href":"https:\/\/www.muldervertalingen.nl\/de\/wp-json\/wp\/v2\/pages\/488\/revisions\/722"}],"wp:featuredmedia":[{"embeddable":true,"href":"https:\/\/www.muldervertalingen.nl\/de\/wp-json\/wp\/v2\/media\/339"}],"wp:attachment":[{"href":"https:\/\/www.muldervertalingen.nl\/de\/wp-json\/wp\/v2\/media?parent=488"}],"curies":[{"name":"wp","href":"https:\/\/api.w.org\/{rel}","templated":true}]}}